{"id":15,"date":"2021-05-25T12:26:09","date_gmt":"2021-05-25T10:26:09","guid":{"rendered":"https:\/\/faq.ruja.systems\/index.php\/faq\/"},"modified":"2021-05-25T12:26:09","modified_gmt":"2021-05-25T10:26:09","slug":"faq","status":"publish","type":"page","link":"https:\/\/faq.ruja.systems\/","title":{"rendered":"FAQ"},"content":{"rendered":"<div  class=\"ewd-ufaq-faq-list ewd-ufaq-page-type-distinct\" id='ewd-ufaq-faq-list'>\n\n\t<input type='hidden' name='include_category' value='' id='ewd-ufaq-include-category' \/>\n<input type='hidden' name='exclude_category' value='' id='ewd-ufaq-exclude-category' \/>\n<input type='hidden' name='orderby' value='title' id='ewd-ufaq-orderby' \/>\n<input type='hidden' name='order' value='asc' id='ewd-ufaq-order' \/>\n<input type='hidden' name='post_count' value='-1' id='ewd-ufaq-post-count' \/>\n<input type='hidden' name='current_url' value='\/index.php\/wp-json\/wp\/v2\/pages\/15' id='ewd-ufaq-current-url' \/>\n\t\n\t\n\t<div class='ewd-ufaq-faqs'>\n\n\t\t<div id='ewd-ufaq-faq-category-kd-camping' class='ewd-ufaq-faq-category'>\n\t\n\t<div class='ewd-ufaq-faq-category-title ' >\n\t\t\n\t\t<h3>\n\t\t\tKD-Camping\t\t\t\t\t<\/h3>\n\t\n\t<\/div>\n\t\n\t<div class='ewd-ufaq-faq-category-inner ' >\n<div  class=\"ewd-ufaq-faq-div ewd-ufaq-faq-column-count-one ewd-ufaq-faq-responsive-columns- ewd-ufaq-faq-display-style-default ewd-ufaq-can-be-toggled\" id='ewd-ufaq-post-20-AENlrkEItU' data-post_id='20'>\n\n\t<div class='ewd-ufaq-faq-title ewd-ufaq-faq-toggle'>\n\t\n\t<a class='ewd-ufaq-post-margin'  href='#'>\n\n\t\t<div class='ewd-ufaq-post-margin-symbol ewd-ufaq-'>\n\t\t\t<span >a<\/span>\n\t\t<\/div>\n\n\t\t<div class='ewd-ufaq-faq-title-text'>\n\n\t\t\t<h4>\n\t\t\t\tFejl under \u00e5bning af database\t\t\t<\/h4>\n\n\t\t<\/div>\n\n\t\t<div class='ewd-ufaq-clear'><\/div>\n\n\t<\/a>\n\t\n<\/div>\n\t\n\t<div class='ewd-ufaq-faq-body ewd-ufaq-hidden' >\n\n\t\t\n\t\t\t<div class='ewd-ufaq-faq-categories'>\n\t\n\tCategory:\n\t\n\t\t<a href=\"https:\/\/faq.ruja.systems\/index.php\/ufaq\/tilfoej-broed-til-online-broedbestilling\/?include_category=kd-camping\">KD-Camping<\/a>\n\t\n<\/div>\n\t\t\n\t\t\t<div class='ewd-ufaq-post-margin ewd-ufaq-faq-post'>\n\t\n<p>Ved \u00e5bning af KD-Camping, kan fejlen opst\u00e5. Beskeden ser s\u00e5dan her ud:<\/p>\n\n\n\n<figure class=\"wp-block-image size-large is-resized\"><img loading=\"lazy\" decoding=\"async\" src=\"https:\/\/faq.ruja.systems\/wp-content\/uploads\/2021\/05\/databasefejl.png\" alt=\"\" class=\"wp-image-21\" width=\"366\" height=\"149\" srcset=\"https:\/\/faq.ruja.systems\/wp-content\/uploads\/2021\/05\/databasefejl.png 786w, https:\/\/faq.ruja.systems\/wp-content\/uploads\/2021\/05\/databasefejl-300x123.png 300w, https:\/\/faq.ruja.systems\/wp-content\/uploads\/2021\/05\/databasefejl-768x314.png 768w\" sizes=\"auto, (max-width: 366px) 100vw, 366px\" \/><\/figure>\n\n\n\n<p>I bund og grund, betyder det at der ikke er forbindelse til serveren.<\/p>\n\n\n\n<p>Hvis du har en Mikrotik Router (En hvid boks p\u00e5 netv\u00e6rket) fra os, b\u00f8r du straks kontakte Jakob.<\/p>\n\n\n\n<p>Hvis du ikke har en Mikrotik Router fra os, er der installeret OpenVPN Client p\u00e5 din PC.<\/p>\n\n\n\n<figure class=\"wp-block-image size-large is-resized\"><img loading=\"lazy\" decoding=\"async\" src=\"https:\/\/faq.ruja.systems\/wp-content\/uploads\/2021\/05\/openvpn.png\" alt=\"\" class=\"wp-image-22\" width=\"252\" height=\"58\" srcset=\"https:\/\/faq.ruja.systems\/wp-content\/uploads\/2021\/05\/openvpn.png 444w, https:\/\/faq.ruja.systems\/wp-content\/uploads\/2021\/05\/openvpn-300x69.png 300w\" sizes=\"auto, (max-width: 252px) 100vw, 252px\" \/><\/figure>\n\n\n\n<p>Den lille sk\u00e6rm med h\u00e6ngel\u00e5sen nederst til h\u00f8jre p\u00e5 sk\u00e6rmen, er OpenVPN Client.<\/p>\n\n\n\n<p>Ikonet skal v\u00e6re udfyldt med gr\u00f8n, hvis ikke det er det, s\u00e5 dobbeltklik p\u00e5 det. &#8211; Den b\u00f8r straks blive gul, og efter f\u00e5 sekunder blive gr\u00f8n. Sker dette ikke, s\u00e5 kontakt Jakob.<\/p>\n<\/div>\n\t\t\n\t\t\t\n\t\t\n\t\t\t\n\t\t\n\t\t\t\n\t\t\n\t\t\t\n\t\t\n\t\t\t\n\t\t\n\t\t\t\n\t\t\n\t\t\t\n\t\t\n\t\t\t\n\t\t\n\t<\/div>\n\n<\/div><div  class=\"ewd-ufaq-faq-div ewd-ufaq-faq-column-count-one ewd-ufaq-faq-responsive-columns- ewd-ufaq-faq-display-style-default ewd-ufaq-can-be-toggled\" id='ewd-ufaq-post-27-H0JU9TgvKc' data-post_id='27'>\n\n\t<div class='ewd-ufaq-faq-title ewd-ufaq-faq-toggle'>\n\t\n\t<a class='ewd-ufaq-post-margin'  href='#'>\n\n\t\t<div class='ewd-ufaq-post-margin-symbol ewd-ufaq-'>\n\t\t\t<span >a<\/span>\n\t\t<\/div>\n\n\t\t<div class='ewd-ufaq-faq-title-text'>\n\n\t\t\t<h4>\n\t\t\t\tHvordan skifter man pladskort?\t\t\t<\/h4>\n\n\t\t<\/div>\n\n\t\t<div class='ewd-ufaq-clear'><\/div>\n\n\t<\/a>\n\t\n<\/div>\n\t\n\t<div class='ewd-ufaq-faq-body ewd-ufaq-hidden' >\n\n\t\t\n\t\t\t<div class='ewd-ufaq-faq-categories'>\n\t\n\tCategories:\n\t\n\t\t<a href=\"https:\/\/faq.ruja.systems\/index.php\/ufaq\/tilfoej-broed-til-online-broedbestilling\/?include_category=kd-camping\">KD-Camping<\/a>, \n\t\n\t\t<a href=\"https:\/\/faq.ruja.systems\/index.php\/ufaq\/tilfoej-broed-til-online-broedbestilling\/?include_category=onlinebooking-setup\">Onlinebooking - Setup<\/a>\n\t\n<\/div>\n\t\t\n\t\t\t<div class='ewd-ufaq-post-margin ewd-ufaq-faq-post'>\n\t\n<p>I KD Camping kr\u00e6ves en BMP-fil eller en JPG-fil, og m\u00e5 ikke indeholde pladsnumre. Filen skal placeres i mappen: c:\/&#8221;Programmer x86&#8243;\/KDcamping\/<\/p>\n\n\n\n<p>Det er nemmest at kalde filen det samme som den gamle, ellers skal der rettes i filen SystemData.ini i undermappen &#8220;Data&#8221;. Husk at lukke KD Camping ned INDEN filen \u00e5bnes.<\/p>\n\n\n\n<p>Hvis nogle pladser er flyttet i forhold til f\u00f8r, eller filen har en anden st\u00f8rrelse, skal alle enheder genplaceres via Oprettelser -> Pladsoversigt.<\/p>\n\n\n\n<p>Husk at skifte kortet p\u00e5 alle de computere der har KD Camping installeret.<\/p>\n\n\n\n<p><\/p>\n\n\n\n<p>I onlinebooking setup, er der et punkt der hedder Upload. Deri skal man v\u00e6lge at det skal placeres i pladskort, og uploade filen.<\/p>\n\n\n\n<p>Efterf\u00f8lgende skal den nye fil v\u00e6lges i punktet &#8220;Generelt&#8221; i setup.<\/p>\n\n\n\n<p>Kortet i onlinebooking og i KD Camping SKAL v\u00e6re ens.<\/p>\n<\/div>\n\t\t\n\t\t\t\n\t\t\n\t\t\t\n\t\t\n\t\t\t\n\t\t\n\t\t\t\n\t\t\n\t\t\t\n\t\t\n\t\t\t\n\t\t\n\t\t\t\n\t\t\n\t\t\t\n\t\t\n\t<\/div>\n\n<\/div><div  class=\"ewd-ufaq-faq-div ewd-ufaq-faq-column-count-one ewd-ufaq-faq-responsive-columns- ewd-ufaq-faq-display-style-default ewd-ufaq-can-be-toggled\" id='ewd-ufaq-post-19-tanAtYwD6O' data-post_id='19'>\n\n\t<div class='ewd-ufaq-faq-title ewd-ufaq-faq-toggle'>\n\t\n\t<a class='ewd-ufaq-post-margin'  href='#'>\n\n\t\t<div class='ewd-ufaq-post-margin-symbol ewd-ufaq-'>\n\t\t\t<span >a<\/span>\n\t\t<\/div>\n\n\t\t<div class='ewd-ufaq-faq-title-text'>\n\n\t\t\t<h4>\n\t\t\t\tNummerj\u00e6geren er ikke startet\t\t\t<\/h4>\n\n\t\t<\/div>\n\n\t\t<div class='ewd-ufaq-clear'><\/div>\n\n\t<\/a>\n\t\n<\/div>\n\t\n\t<div class='ewd-ufaq-faq-body ewd-ufaq-hidden' >\n\n\t\t\n\t\t\t<div class='ewd-ufaq-faq-categories'>\n\t\n\tCategory:\n\t\n\t\t<a href=\"https:\/\/faq.ruja.systems\/index.php\/ufaq\/tilfoej-broed-til-online-broedbestilling\/?include_category=kd-camping\">KD-Camping<\/a>\n\t\n<\/div>\n\t\t\n\t\t\t<div class='ewd-ufaq-post-margin ewd-ufaq-faq-post'>\n\t\n<p>Hvis du f\u00e5r beskeden om at nummerj\u00e6geren ikke er startet, er det som regel fordi computeren har v\u00e6ret t\u00e6ndt meget l\u00e6nge, og p\u00e5 en eller anden m\u00e5de har f\u00e5et lukket programmet ned.<\/p>\n\n\n\n<p>Den nemmeste m\u00e5de at l\u00f8se problemet p\u00e5, er ved at genstarte computeren.<\/p>\n\n\n\n<p>Alternativt kan du trykke p\u00e5 Windows-tasten + R<br>I vinduet der kommer frem, skriver du &#8220;shell:startup&#8221; og trykker p\u00e5 OK.<br>Der b\u00f8r komme en mappe frem, med mindst 2 genveje i.<br>&#8220;Nrj&#8221; er Nummerj\u00e6geren.<\/p>\n\n\n\n<p>Disse genveje m\u00e5 aldrig fjernes, men man m\u00e5 gerne kopiere den.<\/p>\n<\/div>\n\t\t\n\t\t\t\n\t\t\n\t\t\t\n\t\t\n\t\t\t\n\t\t\n\t\t\t\n\t\t\n\t\t\t\n\t\t\n\t\t\t\n\t\t\n\t\t\t\n\t\t\n\t\t\t\n\t\t\n\t<\/div>\n\n<\/div><\/div>\n\n<\/div>\n<div id='ewd-ufaq-faq-category-onlinebooking-setup' class='ewd-ufaq-faq-category'>\n\t\n\t<div class='ewd-ufaq-faq-category-title ' >\n\t\t\n\t\t<h3>\n\t\t\tOnlinebooking - Setup\t\t\t\t\t<\/h3>\n\t\n\t<\/div>\n\t\n\t<div class='ewd-ufaq-faq-category-inner ' >\n<div  class=\"ewd-ufaq-faq-div ewd-ufaq-faq-column-count-one ewd-ufaq-faq-responsive-columns- ewd-ufaq-faq-display-style-default ewd-ufaq-can-be-toggled\" id='ewd-ufaq-post-27-YHDib7BTaY' data-post_id='27'>\n\n\t<div class='ewd-ufaq-faq-title ewd-ufaq-faq-toggle'>\n\t\n\t<a class='ewd-ufaq-post-margin'  href='#'>\n\n\t\t<div class='ewd-ufaq-post-margin-symbol ewd-ufaq-'>\n\t\t\t<span >a<\/span>\n\t\t<\/div>\n\n\t\t<div class='ewd-ufaq-faq-title-text'>\n\n\t\t\t<h4>\n\t\t\t\tHvordan skifter man pladskort?\t\t\t<\/h4>\n\n\t\t<\/div>\n\n\t\t<div class='ewd-ufaq-clear'><\/div>\n\n\t<\/a>\n\t\n<\/div>\n\t\n\t<div class='ewd-ufaq-faq-body ewd-ufaq-hidden' >\n\n\t\t\n\t\t\t<div class='ewd-ufaq-faq-categories'>\n\t\n\tCategories:\n\t\n\t\t<a href=\"https:\/\/faq.ruja.systems\/index.php\/ufaq\/tilfoej-broed-til-online-broedbestilling\/?include_category=kd-camping\">KD-Camping<\/a>, \n\t\n\t\t<a href=\"https:\/\/faq.ruja.systems\/index.php\/ufaq\/tilfoej-broed-til-online-broedbestilling\/?include_category=onlinebooking-setup\">Onlinebooking - Setup<\/a>\n\t\n<\/div>\n\t\t\n\t\t\t<div class='ewd-ufaq-post-margin ewd-ufaq-faq-post'>\n\t\n<p>I KD Camping kr\u00e6ves en BMP-fil eller en JPG-fil, og m\u00e5 ikke indeholde pladsnumre. Filen skal placeres i mappen: c:\/&#8221;Programmer x86&#8243;\/KDcamping\/<\/p>\n\n\n\n<p>Det er nemmest at kalde filen det samme som den gamle, ellers skal der rettes i filen SystemData.ini i undermappen &#8220;Data&#8221;. Husk at lukke KD Camping ned INDEN filen \u00e5bnes.<\/p>\n\n\n\n<p>Hvis nogle pladser er flyttet i forhold til f\u00f8r, eller filen har en anden st\u00f8rrelse, skal alle enheder genplaceres via Oprettelser -> Pladsoversigt.<\/p>\n\n\n\n<p>Husk at skifte kortet p\u00e5 alle de computere der har KD Camping installeret.<\/p>\n\n\n\n<p><\/p>\n\n\n\n<p>I onlinebooking setup, er der et punkt der hedder Upload. Deri skal man v\u00e6lge at det skal placeres i pladskort, og uploade filen.<\/p>\n\n\n\n<p>Efterf\u00f8lgende skal den nye fil v\u00e6lges i punktet &#8220;Generelt&#8221; i setup.<\/p>\n\n\n\n<p>Kortet i onlinebooking og i KD Camping SKAL v\u00e6re ens.<\/p>\n<\/div>\n\t\t\n\t\t\t\n\t\t\n\t\t\t\n\t\t\n\t\t\t\n\t\t\n\t\t\t\n\t\t\n\t\t\t\n\t\t\n\t\t\t\n\t\t\n\t\t\t\n\t\t\n\t\t\t\n\t\t\n\t<\/div>\n\n<\/div><div  class=\"ewd-ufaq-faq-div ewd-ufaq-faq-column-count-one ewd-ufaq-faq-responsive-columns- ewd-ufaq-faq-display-style-default ewd-ufaq-can-be-toggled\" id='ewd-ufaq-post-39-vq5cRarZ0E' data-post_id='39'>\n\n\t<div class='ewd-ufaq-faq-title ewd-ufaq-faq-toggle'>\n\t\n\t<a class='ewd-ufaq-post-margin'  href='#'>\n\n\t\t<div class='ewd-ufaq-post-margin-symbol ewd-ufaq-'>\n\t\t\t<span >a<\/span>\n\t\t<\/div>\n\n\t\t<div class='ewd-ufaq-faq-title-text'>\n\n\t\t\t<h4>\n\t\t\t\tPakker vises dobbelt\t\t\t<\/h4>\n\n\t\t<\/div>\n\n\t\t<div class='ewd-ufaq-clear'><\/div>\n\n\t<\/a>\n\t\n<\/div>\n\t\n\t<div class='ewd-ufaq-faq-body ewd-ufaq-hidden' >\n\n\t\t\n\t\t\t<div class='ewd-ufaq-faq-categories'>\n\t\n\tCategories:\n\t\n\t\t<a href=\"https:\/\/faq.ruja.systems\/index.php\/ufaq\/tilfoej-broed-til-online-broedbestilling\/?include_category=onlinebooking-brugerdel\">Onlinebooking - Brugerdel<\/a>, \n\t\n\t\t<a href=\"https:\/\/faq.ruja.systems\/index.php\/ufaq\/tilfoej-broed-til-online-broedbestilling\/?include_category=onlinebooking-setup\">Onlinebooking - Setup<\/a>\n\t\n<\/div>\n\t\t\n\t\t\t<div class='ewd-ufaq-post-margin ewd-ufaq-faq-post'>\n\t\n<p>Hvis pakkerne p\u00e5 en enhedstype vises flere gange, er de enten oprettet flere gange, eller har overlappende datoer.<br>Find dem i Setup punkt 3 og gennemg\u00e5 datoerne. M\u00e5ske st\u00e5r der forkerte \u00e5rstal p\u00e5?<\/p>\n<\/div>\n\t\t\n\t\t\t\n\t\t\n\t\t\t\n\t\t\n\t\t\t\n\t\t\n\t\t\t\n\t\t\n\t\t\t\n\t\t\n\t\t\t\n\t\t\n\t\t\t\n\t\t\n\t\t\t\n\t\t\n\t<\/div>\n\n<\/div><\/div>\n\n<\/div>\n<div id='ewd-ufaq-faq-category-onlinebooking-brugerdel' class='ewd-ufaq-faq-category'>\n\t\n\t<div class='ewd-ufaq-faq-category-title ' >\n\t\t\n\t\t<h3>\n\t\t\tOnlinebooking - Brugerdel\t\t\t\t\t<\/h3>\n\t\n\t<\/div>\n\t\n\t<div class='ewd-ufaq-faq-category-inner ' >\n<div  class=\"ewd-ufaq-faq-div ewd-ufaq-faq-column-count-one ewd-ufaq-faq-responsive-columns- ewd-ufaq-faq-display-style-default ewd-ufaq-can-be-toggled\" id='ewd-ufaq-post-14-i5imKoJkCk' data-post_id='14'>\n\n\t<div class='ewd-ufaq-faq-title ewd-ufaq-faq-toggle'>\n\t\n\t<a class='ewd-ufaq-post-margin'  href='#'>\n\n\t\t<div class='ewd-ufaq-post-margin-symbol ewd-ufaq-'>\n\t\t\t<span >a<\/span>\n\t\t<\/div>\n\n\t\t<div class='ewd-ufaq-faq-title-text'>\n\n\t\t\t<h4>\n\t\t\t\tKan man bruge gavekort online?\t\t\t<\/h4>\n\n\t\t<\/div>\n\n\t\t<div class='ewd-ufaq-clear'><\/div>\n\n\t<\/a>\n\t\n<\/div>\n\t\n\t<div class='ewd-ufaq-faq-body ewd-ufaq-hidden' >\n\n\t\t\n\t\t\t<div class='ewd-ufaq-faq-categories'>\n\t\n\tCategory:\n\t\n\t\t<a href=\"https:\/\/faq.ruja.systems\/index.php\/ufaq\/tilfoej-broed-til-online-broedbestilling\/?include_category=onlinebooking-brugerdel\">Onlinebooking - Brugerdel<\/a>\n\t\n<\/div>\n\t\t\n\t\t\t<div class='ewd-ufaq-post-margin ewd-ufaq-faq-post'>\n\t<p>Ja, det kan man godt.<br \/>Hvis der er oprettet gavekort i systemet, kan de optankes i POS.<\/p>\n<ul>\n<li>Enten ved salg til en kunde, som g\u00f8res ved at skrive bel\u00f8bet der skal inds\u00e6ttes, og derefter k\u00f8re gavekortet igennem. <br \/>Husk at der skal afsluttes\/udskrives f\u00f8r gavekortet er optanket.<\/li>\n<li>Hvis man vil optanke et gavekort, uden det registreres i kassen som salg, g\u00f8res det ved at skrive f.eks.: optank=100,00<br \/>Derefter k\u00f8res gavekortet igennem.<\/li>\n<\/ul>\n<p>Efter hver optankning af gavekortet, printes en bon med en ny saldo og et nyt kodeord til onlinebooking. &#8211; V\u00e6r opm\u00e6rksom p\u00e5 at koden \u00e6ndres hver gang kortet optankes.<\/p>\n<\/div>\n\t\t\n\t\t\t\n\t\t\n\t\t\t\n\t\t\n\t\t\t\n\t\t\n\t\t\t\n\t\t\n\t\t\t\n\t\t\n\t\t\t\n\t\t\n\t\t\t\n\t\t\n\t\t\t\n\t\t\n\t<\/div>\n\n<\/div><div  class=\"ewd-ufaq-faq-div ewd-ufaq-faq-column-count-one ewd-ufaq-faq-responsive-columns- ewd-ufaq-faq-display-style-default ewd-ufaq-can-be-toggled\" id='ewd-ufaq-post-39-3DZAaLNnqT' data-post_id='39'>\n\n\t<div class='ewd-ufaq-faq-title ewd-ufaq-faq-toggle'>\n\t\n\t<a class='ewd-ufaq-post-margin'  href='#'>\n\n\t\t<div class='ewd-ufaq-post-margin-symbol ewd-ufaq-'>\n\t\t\t<span >a<\/span>\n\t\t<\/div>\n\n\t\t<div class='ewd-ufaq-faq-title-text'>\n\n\t\t\t<h4>\n\t\t\t\tPakker vises dobbelt\t\t\t<\/h4>\n\n\t\t<\/div>\n\n\t\t<div class='ewd-ufaq-clear'><\/div>\n\n\t<\/a>\n\t\n<\/div>\n\t\n\t<div class='ewd-ufaq-faq-body ewd-ufaq-hidden' >\n\n\t\t\n\t\t\t<div class='ewd-ufaq-faq-categories'>\n\t\n\tCategories:\n\t\n\t\t<a href=\"https:\/\/faq.ruja.systems\/index.php\/ufaq\/tilfoej-broed-til-online-broedbestilling\/?include_category=onlinebooking-brugerdel\">Onlinebooking - Brugerdel<\/a>, \n\t\n\t\t<a href=\"https:\/\/faq.ruja.systems\/index.php\/ufaq\/tilfoej-broed-til-online-broedbestilling\/?include_category=onlinebooking-setup\">Onlinebooking - Setup<\/a>\n\t\n<\/div>\n\t\t\n\t\t\t<div class='ewd-ufaq-post-margin ewd-ufaq-faq-post'>\n\t\n<p>Hvis pakkerne p\u00e5 en enhedstype vises flere gange, er de enten oprettet flere gange, eller har overlappende datoer.<br>Find dem i Setup punkt 3 og gennemg\u00e5 datoerne. M\u00e5ske st\u00e5r der forkerte \u00e5rstal p\u00e5?<\/p>\n<\/div>\n\t\t\n\t\t\t\n\t\t\n\t\t\t\n\t\t\n\t\t\t\n\t\t\n\t\t\t\n\t\t\n\t\t\t\n\t\t\n\t\t\t\n\t\t\n\t\t\t\n\t\t\n\t\t\t\n\t\t\n\t<\/div>\n\n<\/div><\/div>\n\n<\/div>\n<div id='ewd-ufaq-faq-category-broedbestilling' class='ewd-ufaq-faq-category'>\n\t\n\t<div class='ewd-ufaq-faq-category-title ' >\n\t\t\n\t\t<h3>\n\t\t\tBr\u00f8dbestilling\t\t\t\t\t<\/h3>\n\t\n\t<\/div>\n\t\n\t<div class='ewd-ufaq-faq-category-inner ' >\n<div  class=\"ewd-ufaq-faq-div ewd-ufaq-faq-column-count-one ewd-ufaq-faq-responsive-columns- ewd-ufaq-faq-display-style-default ewd-ufaq-can-be-toggled\" id='ewd-ufaq-post-23-qjtlG7ekRm' data-post_id='23'>\n\n\t<div class='ewd-ufaq-faq-title ewd-ufaq-faq-toggle'>\n\t\n\t<a class='ewd-ufaq-post-margin'  href='#'>\n\n\t\t<div class='ewd-ufaq-post-margin-symbol ewd-ufaq-'>\n\t\t\t<span >a<\/span>\n\t\t<\/div>\n\n\t\t<div class='ewd-ufaq-faq-title-text'>\n\n\t\t\t<h4>\n\t\t\t\tTilf\u00f8j br\u00f8d til online br\u00f8dbestilling\t\t\t<\/h4>\n\n\t\t<\/div>\n\n\t\t<div class='ewd-ufaq-clear'><\/div>\n\n\t<\/a>\n\t\n<\/div>\n\t\n\t<div class='ewd-ufaq-faq-body ewd-ufaq-hidden' >\n\n\t\t\n\t\t\t<div class='ewd-ufaq-faq-categories'>\n\t\n\tCategory:\n\t\n\t\t<a href=\"https:\/\/faq.ruja.systems\/index.php\/ufaq\/tilfoej-broed-til-online-broedbestilling\/?include_category=broedbestilling\">Br\u00f8dbestilling<\/a>\n\t\n<\/div>\n\t\t\n\t\t\t<div class='ewd-ufaq-post-margin ewd-ufaq-faq-post'>\n\t\n<p>Nederst i setup punkt 7, tilf\u00f8jer man varenumrene p\u00e5 de produkter der skal v\u00e6re mulige at bestille online.<\/p>\n<\/div>\n\t\t\n\t\t\t\n\t\t\n\t\t\t\n\t\t\n\t\t\t\n\t\t\n\t\t\t\n\t\t\n\t\t\t\n\t\t\n\t\t\t\n\t\t\n\t\t\t\n\t\t\n\t\t\t\n\t\t\n\t<\/div>\n\n<\/div><\/div>\n\n<\/div>\n<div id='ewd-ufaq-faq-category-pos-generelt' class='ewd-ufaq-faq-category'>\n\t\n\t<div class='ewd-ufaq-faq-category-title ' >\n\t\t\n\t\t<h3>\n\t\t\tPOS - Generelt\t\t\t\t\t<\/h3>\n\t\n\t<\/div>\n\t\n\t<div class='ewd-ufaq-faq-category-inner ' >\n<div  class=\"ewd-ufaq-faq-div ewd-ufaq-faq-column-count-one ewd-ufaq-faq-responsive-columns- ewd-ufaq-faq-display-style-default ewd-ufaq-can-be-toggled\" id='ewd-ufaq-post-41-ZdCQloCFBS' data-post_id='41'>\n\n\t<div class='ewd-ufaq-faq-title ewd-ufaq-faq-toggle'>\n\t\n\t<a class='ewd-ufaq-post-margin'  href='#'>\n\n\t\t<div class='ewd-ufaq-post-margin-symbol ewd-ufaq-'>\n\t\t\t<span >a<\/span>\n\t\t<\/div>\n\n\t\t<div class='ewd-ufaq-faq-title-text'>\n\n\t\t\t<h4>\n\t\t\t\tLageralarm\t\t\t<\/h4>\n\n\t\t<\/div>\n\n\t\t<div class='ewd-ufaq-clear'><\/div>\n\n\t<\/a>\n\t\n<\/div>\n\t\n\t<div class='ewd-ufaq-faq-body ewd-ufaq-hidden' >\n\n\t\t\n\t\t\t<div class='ewd-ufaq-faq-categories'>\n\t\n\tCategory:\n\t\n\t\t<a href=\"https:\/\/faq.ruja.systems\/index.php\/ufaq\/tilfoej-broed-til-online-broedbestilling\/?include_category=pos-generelt\">POS - Generelt<\/a>\n\t\n<\/div>\n\t\t\n\t\t\t<div class='ewd-ufaq-post-margin ewd-ufaq-faq-post'>\n\t\n<p>Hvis &#8220;Min. lager&#8221; er sat til mere end 0, vil der automatisk komme en &#8220;alarm&#8221; i besked-feltet, hver gang der s\u00e6lges en af de varer, og lagerstatus er mindre end minimum. I parentes vil der st\u00e5 hvor mange der er angivet til genbestilling.<\/p>\n\n\n\n<p>I setup punkt 23, er det nu muligt at s\u00e6tte &#8220;alarm&#8221; p\u00e5 en varekategori, hvilket g\u00f8r at den hver gang vil fors\u00e6tte hvad lagerstatus er.<br>Hvis lagerstatus er mindre end minimum, vil teksten v\u00e6re r\u00f8d, ellers vil den v\u00e6re gr\u00f8n.<\/p>\n<\/div>\n\t\t\n\t\t\t\n\t\t\n\t\t\t\n\t\t\n\t\t\t\n\t\t\n\t\t\t\n\t\t\n\t\t\t\n\t\t\n\t\t\t\n\t\t\n\t\t\t\n\t\t\n\t\t\t\n\t\t\n\t<\/div>\n\n<\/div><div  class=\"ewd-ufaq-faq-div ewd-ufaq-faq-column-count-one ewd-ufaq-faq-responsive-columns- ewd-ufaq-faq-display-style-default ewd-ufaq-can-be-toggled\" id='ewd-ufaq-post-40-qR0QgJbeKD' data-post_id='40'>\n\n\t<div class='ewd-ufaq-faq-title ewd-ufaq-faq-toggle'>\n\t\n\t<a class='ewd-ufaq-post-margin'  href='#'>\n\n\t\t<div class='ewd-ufaq-post-margin-symbol ewd-ufaq-'>\n\t\t\t<span >a<\/span>\n\t\t<\/div>\n\n\t\t<div class='ewd-ufaq-faq-title-text'>\n\n\t\t\t<h4>\n\t\t\t\tOpdater lagerstatus\t\t\t<\/h4>\n\n\t\t<\/div>\n\n\t\t<div class='ewd-ufaq-clear'><\/div>\n\n\t<\/a>\n\t\n<\/div>\n\t\n\t<div class='ewd-ufaq-faq-body ewd-ufaq-hidden' >\n\n\t\t\n\t\t\t<div class='ewd-ufaq-faq-categories'>\n\t\n\tCategory:\n\t\n\t\t<a href=\"https:\/\/faq.ruja.systems\/index.php\/ufaq\/tilfoej-broed-til-online-broedbestilling\/?include_category=pos-generelt\">POS - Generelt<\/a>\n\t\n<\/div>\n\t\t\n\t\t\t<div class='ewd-ufaq-post-margin ewd-ufaq-faq-post'>\n\t\n<p>Hvis man opretter en &#8220;medarbejder&#8221; i Setup punkt 10, og skriver &#8220;0&#8221; i magnetkort, vil denne bruger have s\u00e6rlige funktioner i Kiosk-modulet.<br>Nogle enkelte knapper vil v\u00e6re udskiftet til nedenst\u00e5ende funktioner.<\/p>\n\n\n\n<p>&#8220;Ret lager&#8221; &#8211; Skriv et antal, tryk p\u00e5 knappen og scan varen. &#8211; S\u00e5 er lagerstatus rettet til det specifikke antal.<\/p>\n\n\n\n<p>&#8220;Til lager&#8221; &#8211; Skriv et antal, tryk p\u00e5 knappen og scan varen. &#8211; S\u00e5 er der tilf\u00f8jet det antal varer til lageret, hvis der er skrevet minus foran tallet, bliver de trukket fra.<\/p>\n\n\n\n<p>&#8220;Tjek lager&#8221; &#8211; Tryk p\u00e5 knappen og scan varen. &#8211; S\u00e5 f\u00e5r du lager status for varen.<\/p>\n\n\n\n<p>Lagerstatus vises i besked-feltet \u00f8verst til venstre.<br>Tal i parentes er tal fra feltet &#8220;Min. lager&#8221;.<\/p>\n<\/div>\n\t\t\n\t\t\t\n\t\t\n\t\t\t\n\t\t\n\t\t\t\n\t\t\n\t\t\t\n\t\t\n\t\t\t\n\t\t\n\t\t\t\n\t\t\n\t\t\t\n\t\t\n\t\t\t\n\t\t\n\t<\/div>\n\n<\/div><div  class=\"ewd-ufaq-faq-div ewd-ufaq-faq-column-count-one ewd-ufaq-faq-responsive-columns- ewd-ufaq-faq-display-style-default ewd-ufaq-can-be-toggled\" id='ewd-ufaq-post-24-29oHJJlGFB' data-post_id='24'>\n\n\t<div class='ewd-ufaq-faq-title ewd-ufaq-faq-toggle'>\n\t\n\t<a class='ewd-ufaq-post-margin'  href='#'>\n\n\t\t<div class='ewd-ufaq-post-margin-symbol ewd-ufaq-'>\n\t\t\t<span >a<\/span>\n\t\t<\/div>\n\n\t\t<div class='ewd-ufaq-faq-title-text'>\n\n\t\t\t<h4>\n\t\t\t\tOptank gavekort\t\t\t<\/h4>\n\n\t\t<\/div>\n\n\t\t<div class='ewd-ufaq-clear'><\/div>\n\n\t<\/a>\n\t\n<\/div>\n\t\n\t<div class='ewd-ufaq-faq-body ewd-ufaq-hidden' >\n\n\t\t\n\t\t\t<div class='ewd-ufaq-faq-categories'>\n\t\n\tCategory:\n\t\n\t\t<a href=\"https:\/\/faq.ruja.systems\/index.php\/ufaq\/tilfoej-broed-til-online-broedbestilling\/?include_category=pos-generelt\">POS - Generelt<\/a>\n\t\n<\/div>\n\t\t\n\t\t\t<div class='ewd-ufaq-post-margin ewd-ufaq-faq-post'>\n\t\n<p>Der er 2 muligheder for at optanke et gavekort.<\/p>\n\n\n\n<ol class=\"wp-block-list\"><li>Optank et gavekort som kunden skal betale for.<ul><li>Indtast bel\u00f8bet der skal inds\u00e6ttes.<\/li><li>K\u00f8r gavekortet igennem.<\/li><li>Afslut handlen med betalingsmetoden.<\/li><li>Kortet er nu optanket, den nye saldo vil fremg\u00e5 i POS og p\u00e5 udskriften.<\/li><\/ul><\/li><li>Optank er gavekort som kunden ikke skal betale for.<ul><li>Skriv: optank=100,00<\/li><li>K\u00f8r gavekortet igennem.<\/li><li>Kortet er nu optanket, den nye saldo vil fremg\u00e5 i POS og p\u00e5 udskriften.<\/li><\/ul><\/li><\/ol>\n<\/div>\n\t\t\n\t\t\t\n\t\t\n\t\t\t\n\t\t\n\t\t\t\n\t\t\n\t\t\t\n\t\t\n\t\t\t\n\t\t\n\t\t\t\n\t\t\n\t\t\t\n\t\t\n\t\t\t\n\t\t\n\t<\/div>\n\n<\/div><div  class=\"ewd-ufaq-faq-div ewd-ufaq-faq-column-count-one ewd-ufaq-faq-responsive-columns- ewd-ufaq-faq-display-style-default ewd-ufaq-can-be-toggled\" id='ewd-ufaq-post-42-qR2jK9Ukg6' data-post_id='42'>\n\n\t<div class='ewd-ufaq-faq-title ewd-ufaq-faq-toggle'>\n\t\n\t<a class='ewd-ufaq-post-margin'  href='#'>\n\n\t\t<div class='ewd-ufaq-post-margin-symbol ewd-ufaq-'>\n\t\t\t<span >a<\/span>\n\t\t<\/div>\n\n\t\t<div class='ewd-ufaq-faq-title-text'>\n\n\t\t\t<h4>\n\t\t\t\tSlet en varekategori\t\t\t<\/h4>\n\n\t\t<\/div>\n\n\t\t<div class='ewd-ufaq-clear'><\/div>\n\n\t<\/a>\n\t\n<\/div>\n\t\n\t<div class='ewd-ufaq-faq-body ewd-ufaq-hidden' >\n\n\t\t\n\t\t\t<div class='ewd-ufaq-faq-categories'>\n\t\n\tCategory:\n\t\n\t\t<a href=\"https:\/\/faq.ruja.systems\/index.php\/ufaq\/tilfoej-broed-til-online-broedbestilling\/?include_category=pos-generelt\">POS - Generelt<\/a>\n\t\n<\/div>\n\t\t\n\t\t\t<div class='ewd-ufaq-post-margin ewd-ufaq-faq-post'>\n\t\n<p>Fjern f\u00f8rst alle varer fra kategorien.<\/p>\n\n\n\n<p>I setup punkt 23 er der en knap der hedder &#8220;Varekategorier&#8221;, tryk p\u00e5 den, find kategorien du vil slette, i stedet for antal varer, er der et afkrydsningsfelt til sletning af kategorien.<\/p>\n<\/div>\n\t\t\n\t\t\t\n\t\t\n\t\t\t\n\t\t\n\t\t\t\n\t\t\n\t\t\t\n\t\t\n\t\t\t\n\t\t\n\t\t\t\n\t\t\n\t\t\t\n\t\t\n\t\t\t\n\t\t\n\t<\/div>\n\n<\/div><\/div>\n\n<\/div>\n\n\t<\/div>\n\n\t\n<\/div>","protected":false},"excerpt":{"rendered":"<p>A Slet en varekategori Category: POS &#8211; Generelt Fjern f\u00f8rst alle varer fra kategorien. I setup punkt 23 er der en knap der hedder &#8220;Varekategorier&#8221;, tryk p\u00e5 den, find kategorien du vil slette, i stedet for antal varer, er der et afkrydsningsfelt til sletning af kategorien.<\/p>\n","protected":false},"author":1,"featured_media":0,"parent":0,"menu_order":0,"comment_status":"closed","ping_status":"closed","template":"","meta":{"footnotes":""},"class_list":["post-15","page","type-page","status-publish","hentry"],"_links":{"self":[{"href":"https:\/\/faq.ruja.systems\/index.php\/wp-json\/wp\/v2\/pages\/15","targetHints":{"allow":["GET"]}}],"collection":[{"href":"https:\/\/faq.ruja.systems\/index.php\/wp-json\/wp\/v2\/pages"}],"about":[{"href":"https:\/\/faq.ruja.systems\/index.php\/wp-json\/wp\/v2\/types\/page"}],"author":[{"embeddable":true,"href":"https:\/\/faq.ruja.systems\/index.php\/wp-json\/wp\/v2\/users\/1"}],"replies":[{"embeddable":true,"href":"https:\/\/faq.ruja.systems\/index.php\/wp-json\/wp\/v2\/comments?post=15"}],"version-history":[{"count":0,"href":"https:\/\/faq.ruja.systems\/index.php\/wp-json\/wp\/v2\/pages\/15\/revisions"}],"wp:attachment":[{"href":"https:\/\/faq.ruja.systems\/index.php\/wp-json\/wp\/v2\/media?parent=15"}],"curies":[{"name":"wp","href":"https:\/\/api.w.org\/{rel}","templated":true}]}}